{"id":2208,"date":"2024-04-24T11:47:09","date_gmt":"2024-04-24T14:47:09","guid":{"rendered":"https:\/\/rubipousada.com.br\/fechas-especiales\/"},"modified":"2024-04-24T12:32:25","modified_gmt":"2024-04-24T15:32:25","slug":"fechas-especiales","status":"publish","type":"page","link":"https:\/\/rubipousada.com.br\/es\/fechas-especiales\/","title":{"rendered":"Fechas especiales"},"content":{"rendered":"\t\t<div data-elementor-type=\"wp-page\" data-elementor-id=\"2208\" class=\"elementor elementor-2208 elementor-912\" data-elementor-post-type=\"page\">\n\t\t\t\t\t\t<section class=\"elementor-section elementor-top-section elementor-element elementor-element-ccc5b3b elementor-section-content-middle elementor-reverse-tablet elementor-reverse-mobile elementor-section-boxed elementor-section-height-default elementor-section-height-default\" data-id=\"ccc5b3b\" data-element_type=\"section\" data-e-type=\"section\" data-settings=\"{&quot;background_background&quot;:&quot;classic&quot;,&quot;jet_parallax_layout_list&quot;:[{&quot;jet_parallax_layout_image&quot;:{&quot;url&quot;:&quot;&quot;,&quot;id&quot;:&quot;&quot;,&quot;size&quot;:&quot;&quot;},&quot;_id&quot;:&quot;b36180f&quot;,&quot;jet_parallax_layout_image_tablet&quot;:{&quot;url&quot;:&quot;&quot;,&quot;id&quot;:&quot;&quot;,&quot;size&quot;:&quot;&quot;},&quot;jet_parallax_layout_image_mobile&quot;:{&quot;url&quot;:&quot;&quot;,&quot;id&quot;:&quot;&quot;,&quot;size&quot;:&quot;&quot;},&quot;jet_parallax_layout_speed&quot;:{&quot;unit&quot;:&quot;%&quot;,&quot;size&quot;:50,&quot;sizes&quot;:[]},&quot;jet_parallax_layout_type&quot;:&quot;scroll&quot;,&quot;jet_parallax_layout_direction&quot;:null,&quot;jet_parallax_layout_fx_direction&quot;:null,&quot;jet_parallax_layout_z_index&quot;:&quot;&quot;,&quot;jet_parallax_layout_bg_x&quot;:50,&quot;jet_parallax_layout_bg_x_tablet&quot;:&quot;&quot;,&quot;jet_parallax_layout_bg_x_mobile&quot;:&quot;&quot;,&quot;jet_parallax_layout_bg_y&quot;:50,&quot;jet_parallax_layout_bg_y_tablet&quot;:&quot;&quot;,&quot;jet_parallax_layout_bg_y_mobile&quot;:&quot;&quot;,&quot;jet_parallax_layout_bg_size&quot;:&quot;auto&quot;,&quot;jet_parallax_layout_bg_size_tablet&quot;:&quot;&quot;,&quot;jet_parallax_layout_bg_size_mobile&quot;:&quot;&quot;,&quot;jet_parallax_layout_animation_prop&quot;:&quot;transform&quot;,&quot;jet_parallax_layout_on&quot;:[&quot;desktop&quot;,&quot;tablet&quot;]}]}\">\n\t\t\t\t\t\t\t<div class=\"elementor-background-overlay\"><\/div>\n\t\t\t\t\t\t\t<div class=\"elementor-container elementor-column-gap-no\">\n\t\t\t\t\t<div class=\"elementor-column elementor-col-100 elementor-top-column elementor-element elementor-element-b934106\" data-id=\"b934106\" data-element_type=\"column\" data-e-type=\"column\">\n\t\t\t<div class=\"elementor-widget-wrap elementor-element-populated\">\n\t\t\t\t\t\t<div class=\"elementor-element elementor-element-8d04eff elementor-widget elementor-widget-heading\" data-id=\"8d04eff\" data-element_type=\"widget\" data-e-type=\"widget\" data-widget_type=\"heading.default\">\n\t\t\t\t<div class=\"elementor-widget-container\">\n\t\t\t\t\t<p class=\"elementor-heading-title elementor-size-default\">PAQUETES PARA<\/p>\t\t\t\t<\/div>\n\t\t\t\t<\/div>\n\t\t\t\t<div class=\"elementor-element elementor-element-a853353 elementor-widget elementor-widget-heading\" data-id=\"a853353\" data-element_type=\"widget\" data-e-type=\"widget\" data-widget_type=\"heading.default\">\n\t\t\t\t<div class=\"elementor-widget-container\">\n\t\t\t\t\t<h2 class=\"elementor-heading-title elementor-size-default\">Fechas especiales \/\/\/<\/h2>\t\t\t\t<\/div>\n\t\t\t\t<\/div>\n\t\t\t\t<div class=\"elementor-element elementor-element-7ecfdab elementor-widget-divider--view-line elementor-widget elementor-widget-divider\" data-id=\"7ecfdab\" data-element_type=\"widget\" data-e-type=\"widget\" data-widget_type=\"divider.default\">\n\t\t\t\t<div class=\"elementor-widget-container\">\n\t\t\t\t\t\t\t<div class=\"elementor-divider\">\n\t\t\t<span class=\"elementor-divider-separator\">\n\t\t\t\t\t\t<\/span>\n\t\t<\/div>\n\t\t\t\t\t\t<\/div>\n\t\t\t\t<\/div>\n\t\t\t\t\t<\/div>\n\t\t<\/div>\n\t\t\t\t\t<\/div>\n\t\t<\/section>\n\t\t\t\t<section class=\"elementor-section elementor-top-section elementor-element elementor-element-f98bbd3 elementor-section-height-full elementor-section-boxed elementor-section-height-default elementor-section-items-middle\" data-id=\"f98bbd3\" data-element_type=\"section\" data-e-type=\"section\" data-settings=\"{&quot;background_background&quot;:&quot;classic&quot;,&quot;jet_parallax_layout_list&quot;:[{&quot;jet_parallax_layout_image&quot;:{&quot;url&quot;:&quot;&quot;,&quot;id&quot;:&quot;&quot;,&quot;size&quot;:&quot;&quot;},&quot;_id&quot;:&quot;8576e20&quot;,&quot;jet_parallax_layout_image_tablet&quot;:{&quot;url&quot;:&quot;&quot;,&quot;id&quot;:&quot;&quot;,&quot;size&quot;:&quot;&quot;},&quot;jet_parallax_layout_image_mobile&quot;:{&quot;url&quot;:&quot;&quot;,&quot;id&quot;:&quot;&quot;,&quot;size&quot;:&quot;&quot;},&quot;jet_parallax_layout_speed&quot;:{&quot;unit&quot;:&quot;%&quot;,&quot;size&quot;:50,&quot;sizes&quot;:[]},&quot;jet_parallax_layout_type&quot;:&quot;scroll&quot;,&quot;jet_parallax_layout_direction&quot;:null,&quot;jet_parallax_layout_fx_direction&quot;:null,&quot;jet_parallax_layout_z_index&quot;:&quot;&quot;,&quot;jet_parallax_layout_bg_x&quot;:50,&quot;jet_parallax_layout_bg_x_tablet&quot;:&quot;&quot;,&quot;jet_parallax_layout_bg_x_mobile&quot;:&quot;&quot;,&quot;jet_parallax_layout_bg_y&quot;:50,&quot;jet_parallax_layout_bg_y_tablet&quot;:&quot;&quot;,&quot;jet_parallax_layout_bg_y_mobile&quot;:&quot;&quot;,&quot;jet_parallax_layout_bg_size&quot;:&quot;auto&quot;,&quot;jet_parallax_layout_bg_size_tablet&quot;:&quot;&quot;,&quot;jet_parallax_layout_bg_size_mobile&quot;:&quot;&quot;,&quot;jet_parallax_layout_animation_prop&quot;:&quot;transform&quot;,&quot;jet_parallax_layout_on&quot;:[&quot;desktop&quot;,&quot;tablet&quot;]}]}\">\n\t\t\t\t\t\t<div class=\"elementor-container elementor-column-gap-default\">\n\t\t\t\t\t<div class=\"elementor-column elementor-col-50 elementor-top-column elementor-element elementor-element-00afd96\" data-id=\"00afd96\" data-element_type=\"column\" data-e-type=\"column\">\n\t\t\t<div class=\"elementor-widget-wrap elementor-element-populated\">\n\t\t\t\t\t\t<div class=\"elementor-element elementor-element-2bde6c9 elementor-widget elementor-widget-text-editor\" data-id=\"2bde6c9\" data-element_type=\"widget\" data-e-type=\"widget\" data-widget_type=\"text-editor.default\">\n\t\t\t\t<div class=\"elementor-widget-container\">\n\t\t\t\t\t\t\t\t\t<p>Nos encanta ayudar a crear momentos felices y participar de las celebraciones de cumplea\u00f1os, bodas, lunas de miel o incluso peque\u00f1os eventos nupciales. Contamos con algunos paquetes para hacer este momento a\u00fan m\u00e1s especial.<\/p>\n\t\t\t\t\t\t\t\t<\/div>\n\t\t\t\t<\/div>\n\t\t\t\t<div class=\"elementor-element elementor-element-515c5a1 elementor-cta--valign-middle elementor-cta--skin-classic elementor-animated-content elementor-bg-transform elementor-bg-transform-zoom-in elementor-widget elementor-widget-call-to-action\" data-id=\"515c5a1\" data-element_type=\"widget\" data-e-type=\"widget\" data-widget_type=\"call-to-action.default\">\n\t\t\t\t<div class=\"elementor-widget-container\">\n\t\t\t\t\t\t\t<div class=\"elementor-cta\">\n\t\t\t\t\t\t\t<div class=\"elementor-cta__content\">\n\t\t\t\t\n\t\t\t\t\n\t\t\t\t\t\t\t\t\t<div class=\"elementor-cta__description elementor-cta__content-item elementor-content-item\">\n\t\t\t\t\t\t<p>PARA MAYORES INFORMACIONES Y PRESUPUESTOS<\/p>\n\t\t\t\t\t<\/div>\n\t\t\t\t\n\t\t\t\t\t\t\t\t\t<div class=\"elementor-cta__button-wrapper elementor-cta__content-item elementor-content-item \">\n\t\t\t\t\t<a class=\"elementor-cta__button elementor-button elementor-size-\" href=\"https:\/\/api.whatsapp.com\/send?phone=5524999402039&#038;text=Ola!%20Gostaria%20de%20informa%C3%A7%C3%B5es%20sobre%20os%20pacotes%20para%20datas%20especiais\" target=\"_blank\" rel=\"noopener\">\n\t\t\t\t\t\tACCEDER AQUI\t\t\t\t\t<\/a>\n\t\t\t\t\t<\/div>\n\t\t\t\t\t\t\t<\/div>\n\t\t\t\t\t\t<\/div>\n\t\t\t\t\t\t<\/div>\n\t\t\t\t<\/div>\n\t\t\t\t\t<\/div>\n\t\t<\/div>\n\t\t\t\t<div class=\"elementor-column elementor-col-50 elementor-top-column elementor-element elementor-element-e1812cc\" data-id=\"e1812cc\" data-element_type=\"column\" data-e-type=\"column\">\n\t\t\t<div class=\"elementor-widget-wrap elementor-element-populated\">\n\t\t\t\t\t\t<div class=\"elementor-element elementor-element-6bee958 elementor-widget elementor-widget-jet-slider\" data-id=\"6bee958\" data-element_type=\"widget\" data-e-type=\"widget\" data-settings=\"{&quot;slider_height&quot;:{&quot;unit&quot;:&quot;px&quot;,&quot;size&quot;:600,&quot;sizes&quot;:[]},&quot;slider_height_tablet&quot;:{&quot;unit&quot;:&quot;px&quot;,&quot;size&quot;:&quot;&quot;,&quot;sizes&quot;:[]},&quot;slider_height_mobile&quot;:{&quot;unit&quot;:&quot;px&quot;,&quot;size&quot;:&quot;&quot;,&quot;sizes&quot;:[]},&quot;thumbnail_width&quot;:120,&quot;thumbnail_height&quot;:80}\" data-widget_type=\"jet-slider.default\">\n\t\t\t\t<div class=\"elementor-widget-container\">\n\t\t\t\t\t<div class=\"elementor-jet-slider jet-elements\">\n<div class=\"jet-slider jet-slider__image-exact\" data-settings='{\"sliderWidth\":{\"unit\":\"%\",\"size\":100,\"sizes\":[]},\"sliderHeight\":{\"unit\":\"px\",\"size\":600,\"sizes\":[]},\"sliderNavigation\":false,\"sliderNavigationIcon\":\"jet-slider__arrow-icon-6bee958\",\"sliderNaviOnHover\":false,\"sliderPagination\":false,\"sliderAutoplay\":true,\"sliderAutoplayDelay\":5000,\"sliderAutoplayOnHover\":\"pause\",\"sliderFullScreen\":true,\"sliderFullscreenIcon\":\"jet-slider__fullscreen-icon-6bee958\",\"sliderShuffle\":false,\"sliderLoop\":true,\"sliderFadeMode\":false,\"slideDistance\":{\"unit\":\"px\",\"size\":10,\"sizes\":[]},\"slideDuration\":500,\"imageScaleMode\":\"exact\",\"thumbnails\":true,\"thumbnailWidth\":120,\"thumbnailHeight\":80,\"rightToLeft\":false,\"touchswipe\":true,\"fractionPag\":false}'>\n\t\n<div  class=\"slider-pro\"><div class=\"jet-slider__arrow-icon-6bee958 hidden-html\"><\/div><div class=\"jet-slider__fullscreen-icon-6bee958 hidden-html\"><svg aria-hidden=\"true\" class=\"e-font-icon-svg e-fas-arrows-alt\" viewBox=\"0 0 512 512\" xmlns=\"http:\/\/www.w3.org\/2000\/svg\"><path d=\"M352.201 425.775l-79.196 79.196c-9.373 9.373-24.568 9.373-33.941 0l-79.196-79.196c-15.119-15.119-4.411-40.971 16.971-40.97h51.162L228 284H127.196v51.162c0 21.382-25.851 32.09-40.971 16.971L7.029 272.937c-9.373-9.373-9.373-24.569 0-33.941L86.225 159.8c15.119-15.119 40.971-4.411 40.971 16.971V228H228V127.196h-51.23c-21.382 0-32.09-25.851-16.971-40.971l79.196-79.196c9.373-9.373 24.568-9.373 33.941 0l79.196 79.196c15.119 15.119 4.411 40.971-16.971 40.971h-51.162V228h100.804v-51.162c0-21.382 25.851-32.09 40.97-16.971l79.196 79.196c9.373 9.373 9.373 24.569 0 33.941L425.773 352.2c-15.119 15.119-40.971 4.411-40.97-16.971V284H284v100.804h51.23c21.382 0 32.09 25.851 16.971 40.971z\"><\/path><\/svg><\/div><div class=\"jet-slider__items sp-slides\">\n\n\n<div  class=\"jet-slider__item sp-slide elementor-repeater-item-c64ab6d\"><img decoding=\"async\" class=\"sp-image\" src=\"https:\/\/rubipousada.com.br\/wp-content\/uploads\/2024\/04\/85d076eb-2d95-4ab5-9d33-4fd0f4a1e69b-768x1024.jpg\" alt=\"85d076eb-2d95-4ab5-9d33-4fd0f4a1e69b\" loading=\"lazy\"><img decoding=\"async\" class=\"sp-thumbnail\" src=\"https:\/\/rubipousada.com.br\/wp-content\/uploads\/2024\/04\/85d076eb-2d95-4ab5-9d33-4fd0f4a1e69b-150x150.jpg\" alt=\"85d076eb-2d95-4ab5-9d33-4fd0f4a1e69b\" loading=\"lazy\"><div class=\"jet-slider__content sp-layer \" data-position=\"centerCenter\" data-width=\"100%\" data-height=\"100%\" data-horizontal=\"0%\" data-show-transition=\"up\" data-show-duration=\"400\" data-show-delay=\"400\" >\n\t\t<div class=\"jet-slider__content-item\">\n\t\t\t<div class=\"jet-slider__content-inner\">\n\t\t\t\t\t\t<div class=\"jet-slider__button-wrapper\">\t\t\t\t\t\t<\/div><\/div>\n\t\t<\/div>\n\t\t\t<\/div>\n<\/div>\n\n<div  class=\"jet-slider__item sp-slide elementor-repeater-item-23dd6c1\"><img decoding=\"async\" class=\"sp-image\" src=\"https:\/\/rubipousada.com.br\/wp-content\/uploads\/2024\/04\/2fe44b1b-13d0-4193-99ee-b9e065979ff8-768x1024.jpg\" alt=\"2fe44b1b-13d0-4193-99ee-b9e065979ff8\" loading=\"lazy\"><img decoding=\"async\" class=\"sp-thumbnail\" src=\"https:\/\/rubipousada.com.br\/wp-content\/uploads\/2024\/04\/2fe44b1b-13d0-4193-99ee-b9e065979ff8-150x150.jpg\" alt=\"2fe44b1b-13d0-4193-99ee-b9e065979ff8\" loading=\"lazy\"><div class=\"jet-slider__content sp-layer \" data-position=\"centerCenter\" data-width=\"100%\" data-height=\"100%\" data-horizontal=\"0%\" data-show-transition=\"up\" data-show-duration=\"400\" data-show-delay=\"400\" >\n\t\t<div class=\"jet-slider__content-item\">\n\t\t\t<div class=\"jet-slider__content-inner\">\n\t\t\t\t\t\t<div class=\"jet-slider__button-wrapper\">\t\t\t\t\t\t<\/div><\/div>\n\t\t<\/div>\n\t\t\t<\/div>\n<\/div>\n\n<div  class=\"jet-slider__item sp-slide elementor-repeater-item-1ac23e7\"><img decoding=\"async\" class=\"sp-image\" src=\"https:\/\/rubipousada.com.br\/wp-content\/uploads\/2024\/04\/20231119_152523-768x1024.jpg\" alt=\"20231119_152523\" loading=\"lazy\"><img decoding=\"async\" class=\"sp-thumbnail\" src=\"https:\/\/rubipousada.com.br\/wp-content\/uploads\/2024\/04\/20231119_152523-150x150.jpg\" alt=\"20231119_152523\" loading=\"lazy\"><div class=\"jet-slider__content sp-layer \" data-position=\"centerCenter\" data-width=\"100%\" data-height=\"100%\" data-horizontal=\"0%\" data-show-transition=\"up\" data-show-duration=\"400\" data-show-delay=\"400\" >\n\t\t<div class=\"jet-slider__content-item\">\n\t\t\t<div class=\"jet-slider__content-inner\">\n\t\t\t\t\t\t<div class=\"jet-slider__button-wrapper\">\t\t\t\t\t\t<\/div><\/div>\n\t\t<\/div>\n\t\t\t<\/div>\n<\/div>\n\n<div  class=\"jet-slider__item sp-slide elementor-repeater-item-ed029d1\"><img decoding=\"async\" class=\"sp-image\" src=\"https:\/\/rubipousada.com.br\/wp-content\/uploads\/2024\/04\/WhatsApp-Image-2023-07-29-at-19.15.25-1-576x1024.jpeg\" alt=\"WhatsApp Image 2023-07-29 at 19.15.25 (1)\" loading=\"lazy\"><img decoding=\"async\" class=\"sp-thumbnail\" src=\"https:\/\/rubipousada.com.br\/wp-content\/uploads\/2024\/04\/WhatsApp-Image-2023-07-29-at-19.15.25-1-150x150.jpeg\" alt=\"WhatsApp Image 2023-07-29 at 19.15.25 (1)\" loading=\"lazy\"><div class=\"jet-slider__content sp-layer \" data-position=\"centerCenter\" data-width=\"100%\" data-height=\"100%\" data-horizontal=\"0%\" data-show-transition=\"up\" data-show-duration=\"400\" data-show-delay=\"400\" >\n\t\t<div class=\"jet-slider__content-item\">\n\t\t\t<div class=\"jet-slider__content-inner\">\n\t\t\t\t\t\t<div class=\"jet-slider__button-wrapper\">\t\t\t\t\t\t<\/div><\/div>\n\t\t<\/div>\n\t\t\t<\/div>\n<\/div>\n\n<div  class=\"jet-slider__item sp-slide elementor-repeater-item-dcca762\"><img decoding=\"async\" class=\"sp-image\" src=\"https:\/\/rubipousada.com.br\/wp-content\/uploads\/2024\/04\/WhatsApp-Image-2023-07-29-at-19.15.38-1-768x1024.jpeg\" alt=\"WhatsApp Image 2023-07-29 at 19.15.38 (1)\" loading=\"lazy\"><img decoding=\"async\" class=\"sp-thumbnail\" src=\"https:\/\/rubipousada.com.br\/wp-content\/uploads\/2024\/04\/WhatsApp-Image-2023-07-29-at-19.15.38-1-150x150.jpeg\" alt=\"WhatsApp Image 2023-07-29 at 19.15.38 (1)\" loading=\"lazy\"><div class=\"jet-slider__content sp-layer \" data-position=\"centerCenter\" data-width=\"100%\" data-height=\"100%\" data-horizontal=\"0%\" data-show-transition=\"up\" data-show-duration=\"400\" data-show-delay=\"400\" >\n\t\t<div class=\"jet-slider__content-item\">\n\t\t\t<div class=\"jet-slider__content-inner\">\n\t\t\t\t\t\t<div class=\"jet-slider__button-wrapper\">\t\t\t\t\t\t<\/div><\/div>\n\t\t<\/div>\n\t\t\t<\/div>\n<\/div>\n\n<div  class=\"jet-slider__item sp-slide elementor-repeater-item-0cf54d5\"><img decoding=\"async\" class=\"sp-image\" src=\"https:\/\/rubipousada.com.br\/wp-content\/uploads\/2024\/04\/WhatsApp-Image-2024-03-15-at-20.29.15-1-768x1024.jpeg\" alt=\"WhatsApp Image 2024-03-15 at 20.29.15 (1)\" loading=\"lazy\"><img decoding=\"async\" class=\"sp-thumbnail\" src=\"https:\/\/rubipousada.com.br\/wp-content\/uploads\/2024\/04\/WhatsApp-Image-2024-03-15-at-20.29.15-1-150x150.jpeg\" alt=\"WhatsApp Image 2024-03-15 at 20.29.15 (1)\" loading=\"lazy\"><div class=\"jet-slider__content sp-layer \" data-position=\"centerCenter\" data-width=\"100%\" data-height=\"100%\" data-horizontal=\"0%\" data-show-transition=\"up\" data-show-duration=\"400\" data-show-delay=\"400\" >\n\t\t<div class=\"jet-slider__content-item\">\n\t\t\t<div class=\"jet-slider__content-inner\">\n\t\t\t\t\t\t<div class=\"jet-slider__button-wrapper\">\t\t\t\t\t\t<\/div><\/div>\n\t\t<\/div>\n\t\t\t<\/div>\n<\/div>\n\n<div  class=\"jet-slider__item sp-slide elementor-repeater-item-0a3aeb5\"><img decoding=\"async\" class=\"sp-image\" src=\"https:\/\/rubipousada.com.br\/wp-content\/uploads\/2024\/04\/WhatsApp-Image-2024-03-15-at-20.29.17-2-768x1024.jpeg\" alt=\"WhatsApp Image 2024-03-15 at 20.29.17 (2)\" loading=\"lazy\"><img decoding=\"async\" class=\"sp-thumbnail\" src=\"https:\/\/rubipousada.com.br\/wp-content\/uploads\/2024\/04\/WhatsApp-Image-2024-03-15-at-20.29.17-2-150x150.jpeg\" alt=\"WhatsApp Image 2024-03-15 at 20.29.17 (2)\" loading=\"lazy\"><div class=\"jet-slider__content sp-layer \" data-position=\"centerCenter\" data-width=\"100%\" data-height=\"100%\" data-horizontal=\"0%\" data-show-transition=\"up\" data-show-duration=\"400\" data-show-delay=\"400\" >\n\t\t<div class=\"jet-slider__content-item\">\n\t\t\t<div class=\"jet-slider__content-inner\">\n\t\t\t\t\t\t<div class=\"jet-slider__button-wrapper\">\t\t\t\t\t\t<\/div><\/div>\n\t\t<\/div>\n\t\t\t<\/div>\n<\/div>\n\n<div  class=\"jet-slider__item sp-slide elementor-repeater-item-f84f7dc\"><img decoding=\"async\" class=\"sp-image\" src=\"https:\/\/rubipousada.com.br\/wp-content\/uploads\/2024\/04\/WhatsApp-Image-2024-03-15-at-20.29.17-3-768x1024.jpeg\" alt=\"WhatsApp Image 2024-03-15 at 20.29.17 (3)\" loading=\"lazy\"><img decoding=\"async\" class=\"sp-thumbnail\" src=\"https:\/\/rubipousada.com.br\/wp-content\/uploads\/2024\/04\/WhatsApp-Image-2024-03-15-at-20.29.17-3-150x150.jpeg\" alt=\"WhatsApp Image 2024-03-15 at 20.29.17 (3)\" loading=\"lazy\"><div class=\"jet-slider__content sp-layer \" data-position=\"centerCenter\" data-width=\"100%\" data-height=\"100%\" data-horizontal=\"0%\" data-show-transition=\"up\" data-show-duration=\"400\" data-show-delay=\"400\" >\n\t\t<div class=\"jet-slider__content-item\">\n\t\t\t<div class=\"jet-slider__content-inner\">\n\t\t\t\t\t\t<div class=\"jet-slider__button-wrapper\">\t\t\t\t\t\t<\/div><\/div>\n\t\t<\/div>\n\t\t\t<\/div>\n<\/div>\n\n<\/div>\n<\/div>\n<\/div>\n<\/div>\t\t\t\t<\/div>\n\t\t\t\t<\/div>\n\t\t\t\t\t<\/div>\n\t\t<\/div>\n\t\t\t\t\t<\/div>\n\t\t<\/section>\n\t\t\t\t<\/div>\n\t\t","protected":false},"excerpt":{"rendered":"<p>PAQUETES PARA Fechas especiales \/\/\/ Nos encanta ayudar a crear momentos felices y participar de las celebraciones de cumplea\u00f1os, bodas, lunas de miel o incluso peque\u00f1os eventos nupciales. Contamos con algunos paquetes para hacer este momento a\u00fan m\u00e1s especial. PARA MAYORES INFORMACIONES Y PRESUPUESTOS ACCEDER AQUI<\/p>\n","protected":false},"author":1,"featured_media":0,"parent":0,"menu_order":0,"comment_status":"closed","ping_status":"closed","template":"","meta":{"site-sidebar-layout":"no-sidebar","site-content-layout":"page-builder","ast-site-content-layout":"default","site-content-style":"default","site-sidebar-style":"default","ast-global-header-display":"","ast-banner-title-visibility":"","ast-main-header-display":"","ast-hfb-above-header-display":"","ast-hfb-below-header-display":"","ast-hfb-mobile-header-display":"","site-post-title":"disabled","ast-breadcrumbs-content":"disabled","ast-featured-img":"disabled","footer-sml-layout":"","ast-disable-related-posts":"","theme-transparent-header-meta":"enabled","adv-header-id-meta":"","stick-header-meta":"","header-above-stick-meta":"","header-main-stick-meta":"","header-below-stick-meta":"","astra-migrate-meta-layouts":"default","ast-page-background-enabled":"default","ast-page-background-meta":{"desktop":{"background-color":"","background-image":"","background-repeat":"repeat","background-position":"center center","background-size":"auto","background-attachment":"scroll","background-type":"","background-media":"","overlay-type":"","overlay-color":"","overlay-opacity":"","overlay-gradient":""},"tablet":{"background-color":"","background-image":"","background-repeat":"repeat","background-position":"center center","background-size":"auto","background-attachment":"scroll","background-type":"","background-media":"","overlay-type":"","overlay-color":"","overlay-opacity":"","overlay-gradient":""},"mobile":{"background-color":"","background-image":"","background-repeat":"repeat","background-position":"center center","background-size":"auto","background-attachment":"scroll","background-type":"","background-media":"","overlay-type":"","overlay-color":"","overlay-opacity":"","overlay-gradient":""}},"ast-content-background-meta":{"desktop":{"background-color":"var(--ast-global-color-5)","background-image":"","background-repeat":"repeat","background-position":"center center","background-size":"auto","background-attachment":"scroll","background-type":"","background-media":"","overlay-type":"","overlay-color":"","overlay-opacity":"","overlay-gradient":""},"tablet":{"background-color":"var(--ast-global-color-5)","background-image":"","background-repeat":"repeat","background-position":"center center","background-size":"auto","background-attachment":"scroll","background-type":"","background-media":"","overlay-type":"","overlay-color":"","overlay-opacity":"","overlay-gradient":""},"mobile":{"background-color":"var(--ast-global-color-5)","background-image":"","background-repeat":"repeat","background-position":"center center","background-size":"auto","background-attachment":"scroll","background-type":"","background-media":"","overlay-type":"","overlay-color":"","overlay-opacity":"","overlay-gradient":""}},"footnotes":""},"class_list":["post-2208","page","type-page","status-publish","hentry"],"_links":{"self":[{"href":"https:\/\/rubipousada.com.br\/es\/wp-json\/wp\/v2\/pages\/2208","targetHints":{"allow":["GET"]}}],"collection":[{"href":"https:\/\/rubipousada.com.br\/es\/wp-json\/wp\/v2\/pages"}],"about":[{"href":"https:\/\/rubipousada.com.br\/es\/wp-json\/wp\/v2\/types\/page"}],"author":[{"embeddable":true,"href":"https:\/\/rubipousada.com.br\/es\/wp-json\/wp\/v2\/users\/1"}],"replies":[{"embeddable":true,"href":"https:\/\/rubipousada.com.br\/es\/wp-json\/wp\/v2\/comments?post=2208"}],"version-history":[{"count":4,"href":"https:\/\/rubipousada.com.br\/es\/wp-json\/wp\/v2\/pages\/2208\/revisions"}],"predecessor-version":[{"id":2429,"href":"https:\/\/rubipousada.com.br\/es\/wp-json\/wp\/v2\/pages\/2208\/revisions\/2429"}],"wp:attachment":[{"href":"https:\/\/rubipousada.com.br\/es\/wp-json\/wp\/v2\/media?parent=2208"}],"curies":[{"name":"wp","href":"https:\/\/api.w.org\/{rel}","templated":true}]}}